{"id":3694,"date":"2018-10-16T01:22:27","date_gmt":"2018-10-16T01:22:27","guid":{"rendered":"https:\/\/www.hivselbsttest.ch\/impronta\/"},"modified":"2025-07-15T05:55:43","modified_gmt":"2025-07-15T05:55:43","slug":"impronta","status":"publish","type":"page","link":"https:\/\/www.hivselbsttest.ch\/it\/impronta\/","title":{"rendered":"Impronta"},"content":{"rendered":"<p><strong>Nome dell&#8217;azienda:<\/strong><br \/>W\u00e4fler Diagnostics AG<\/p>\n<p><strong>Proprietario:<\/strong><br \/>Markus W\u00e4fler<\/p>\n<p><strong>Forma giuridica:<\/strong><br \/>Societ\u00e0 per azioni<\/p>\n<p><strong>Settore:<\/strong><br \/>Fabbricazione di prodotti farmaceutici<\/p>\n<p><strong>Indirizzo:<\/strong> Breitenstrasse<br \/>Breitenstrasse 17<br \/>6047 Kastanienbaum<\/p>\n<p><strong>UID:<\/strong><br \/>CHE-101.375.874<\/p>\n<p><strong>Handelsregister-Nummer:<\/strong><br \/>CH-100.3.007.109-3<\/p>\n<p><strong>Mail di contatto:<\/strong><br \/>info[a]waefler-diagnostics.ch<\/p>\n<p><strong>Fax:<\/strong><br \/>+41 (0)41 320 44 64<\/p>\n\n<div style=\"height:50px\" aria-hidden=\"true\" class=\"wp-block-spacer\"><\/div>\n<p>Tutte le informazioni sulla protezione dei dati sono disponibili nella nostra <a href=\"https:\/\/www.hivselbsttest.ch\/it\/dichiarazione-sulla-protezione-dei-dati\/\">politica sulla privacy<\/a>.<\/p>\n\n<p><\/p>\n","protected":false},"excerpt":{"rendered":"<p>Nome dell&#8217;azienda:W\u00e4fler Diagnostics AG Proprietario:Markus W\u00e4fler Forma giuridica:Societ\u00e0 per azioni Settore:Fabbricazione di prodotti farmaceutici Indirizzo: BreitenstrasseBreitenstrasse 176047 Kastanienbaum UID:CHE-101.375.874 Handelsregister-Nummer:CH-100.3.007.109-3 Mail di contatto:info[a]waefler-diagnostics.ch Fax:+41 (0)41 320 44 64 Tutte le informazioni sulla protezione dei dati sono disponibili nella nostra politica sulla privacy.<\/p>\n","protected":false},"author":1,"featured_media":0,"parent":0,"menu_order":0,"comment_status":"closed","ping_status":"closed","template":"","meta":{"footnotes":""},"class_list":["post-3694","page","type-page","status-publish","hentry"],"aioseo_notices":[],"_links":{"self":[{"href":"https:\/\/www.hivselbsttest.ch\/it\/wp-json\/wp\/v2\/pages\/3694","targetHints":{"allow":["GET"]}}],"collection":[{"href":"https:\/\/www.hivselbsttest.ch\/it\/wp-json\/wp\/v2\/pages"}],"about":[{"href":"https:\/\/www.hivselbsttest.ch\/it\/wp-json\/wp\/v2\/types\/page"}],"author":[{"embeddable":true,"href":"https:\/\/www.hivselbsttest.ch\/it\/wp-json\/wp\/v2\/users\/1"}],"replies":[{"embeddable":true,"href":"https:\/\/www.hivselbsttest.ch\/it\/wp-json\/wp\/v2\/comments?post=3694"}],"version-history":[{"count":3,"href":"https:\/\/www.hivselbsttest.ch\/it\/wp-json\/wp\/v2\/pages\/3694\/revisions"}],"predecessor-version":[{"id":3707,"href":"https:\/\/www.hivselbsttest.ch\/it\/wp-json\/wp\/v2\/pages\/3694\/revisions\/3707"}],"wp:attachment":[{"href":"https:\/\/www.hivselbsttest.ch\/it\/wp-json\/wp\/v2\/media?parent=3694"}],"curies":[{"name":"wp","href":"https:\/\/api.w.org\/{rel}","templated":true}]}}