{"id":3474,"date":"2016-11-09T04:14:36","date_gmt":"2016-11-09T04:14:36","guid":{"rendered":"https:\/\/www.hivselbsttest.ch\/informazioni\/"},"modified":"2025-07-14T08:52:33","modified_gmt":"2025-07-14T08:52:33","slug":"informazioni","status":"publish","type":"page","link":"https:\/\/www.hivselbsttest.ch\/it\/informazioni\/","title":{"rendered":"Informazioni"},"content":{"rendered":"\n<div class=\"resources-wrapper\"><div class=\"resources\"><h2>Risultati<\/h2><ul><li id=\"3502\"><h3>Come posso sapere se ho eseguito correttamente il test?<\/h3> <i class=\"fa fa-chevron-down\"><\/i><div class=\"cnt\">L&#8217;auto-test HIV INSTI\u00ae ha un pallino di controllo incorporato che rivela se il test \u00e8 stato eseguito correttamente e se \u00e8 stata aggiunta la giusta quantit\u00e0 di sangue dal polpastrello. Se il pallino di controllo non appare, il test non ha funzionato. In questo caso, getta via il test e ripetilo con un nuovo kit.\r\n\r\nSolo se il pallino di controllo \u00e8 visibile significa che il risultato \u00e8 negativo e probabilmente non hai l&#8217;HIV.\r\n\r\nSe sono visibili due pallini, il risultato del test \u00e8 positivo. Questo significa che probabilmente hai l&#8217;HIV. Sebbene i risultati dell&#8217;auto-test HIV INSTI\u00ae siano molto accurati, DEVI ottenere conferma della diagnosi da un medico al pi\u00f9 presto possibile, per iniziare immediatamente il trattamento. Se il risultato \u00e8 positivo, \u00e8 essenziale per la tua salute e il tuo benessere che tu ti rivolga a un medico.<\/div><\/li><li id=\"3505\"><h3>Cosa devo fare se il risultato \u00e8 negativo?<\/h3> <i class=\"fa fa-chevron-down\"><\/i><div class=\"cnt\"><p>Se il suo risultato \u00e8 negativo, ma negli ultimi 3 mesi lei \u00e8 stato\/a coinvolto\/a in un\u2019attivit\u00e0 potenzialmente a rischio di HIV, potrebbe trovarsi nella cosiddetta \u201cfinestra diagnostica\u201d.<br \/>\nSi raccomanda di ripetere il test in un momento successivo.<\/p>\n<\/div><\/li><li id=\"3508\"><h3>Cosa devo fare se il risultato \u00e8 positivo?<\/h3> <i class=\"fa fa-chevron-down\"><\/i><div class=\"cnt\"><p>Si rivolga il prima possibile a un medico e riferisca di aver eseguito un autotest per l\u2019HIV. Tutti i risultati positivi devono essere confermati tramite analisi di laboratorio.<\/p>\n<\/div><\/li><\/ul><\/div><div class=\"resources\"><h2>Informazioni sull&#039;HIV\/AIDS<\/h2><ul><li id=\"3490\"><h3>Cosa sono HIV e AIDS?<\/h3> <i class=\"fa fa-chevron-down\"><\/i><div class=\"cnt\"><p>L&#8217;HIV (virus dell&#8217;immunodeficienza umana) \u00e8 un virus che attacca il sistema immunitario, deputato a difendere l\u2019organismo da malattie e infezioni. Se non viene trattato, pu\u00f2 portare all&#8217;AIDS (sindrome da immunodeficienza acquisita). HIV e AIDS non possono essere curati, ma i farmaci oggi disponibili aiutano a vivere una vita normale.<\/p>\n<\/div><\/li><li id=\"3499\"><h3>Come si trasmette l\u2019HIV?<\/h3> <i class=\"fa fa-chevron-down\"><\/i><div class=\"cnt\"><p>L\u2019HIV si trasmette attraverso il contatto con sangue, sperma, liquido preseminale, secrezioni rettali, fluidi vaginali o latte materno di una persona infetta. Il contagio pu\u00f2 avvenire mediante rapporti sessuali non protetti.<\/p>\n<p>Inoltre, il contagio pu\u00f2 avvenire mediante la condivisione di siringhe o aghi infetti.<\/p>\n<p>Quando una donna \u00e8 affetta da HIV, pu\u00f2 trasmettere il virus al figlio durante la gravidanza, il parto o l\u2019allattamento. Infine, \u00e8 possibile restare contagiati dall\u2019HIV attraverso una trasfusione di sangue, sebbene ci\u00f2 sia oggi molto raro.<\/p>\n<p>L\u2019HIV non si trasmette da una persona all\u2019altra attraverso il contatto casuale. Non c\u2019\u00e8 rischio di infezione nel condividere cibo, piatti, utensili, abiti, lenzuola, letto o bagno con una persona affetta da HIV.<\/p>\n<p>Il virus non si diffonde attraverso il contatto con sudore, lacrime, saliva o con un bacio casuale a una persona infetta. Non si resta contagiati mangiando il cibo preparato da una persona affetta da HIV. E il virus non si trasmette con le punture d\u2019insetto.<\/p>\n<\/div><\/li><\/ul><\/div><div class=\"resources\"><h2>Informazioni sull&#039;autotest HIV INSTI(R)<\/h2><ul><li id=\"3493\"><h3>Come funziona il test?<\/h3> <i class=\"fa fa-chevron-down\"><\/i><div class=\"cnt\"><p>Il test utilizza una semplice tecnologia flow-through per rilevare gli anticorpi HIV-1 e HIV-2 utilizzando una goccia di sangue umano prelevato dal polpastrello. Il test non rileva il virus in s\u00e9: il pallino sar\u00e0 visibile solo se sono presenti anticorpi anti-HIV. L&#8217;auto-test HIV INSTI\u00ae \u00e8 semplice da eseguire e molto preciso; funziona correttamente solo leggendo attentamente e seguendo le istruzioni. Con il Test HIV INSTI\u00ae \u00e8 possibile rilevare il virus in soli 21-22 giorni dal contagio, ma pu\u00f2 essere necessario il decorso di 3 mesi dal contagio per rilevare il virus. Un risultato negativo potrebbe non essere attendibile se non sono trascorsi 3 mesi dal contagio.<\/p>\n<\/div><\/li><li id=\"3496\"><h3>Quanto \u00e8 affidabile il test?<\/h3> <i class=\"fa fa-chevron-down\"><\/i><div class=\"cnt\"><p>La sensibilit\u00e0 diagnostica \u00e8 la misura della capacit\u00e0 del test di rilevare la presenza di anticorpi anti-HIV. La specificit\u00e0 diagnostica \u00e8 la misura della capacit\u00e0 del test di rilevare pazienti sani, non affetti da HIV. Dagli studi risulta che la sensibilit\u00e0 dell&#8217;INSTI \u00e8 del 100% e la specificit\u00e0 del 99,5% rispettivamente 99,8%. I risultati sono estremamente precisi e affidabili oltre il 99%.<\/p>\n<\/div><\/li><\/ul><\/div><\/div>\n","protected":false},"excerpt":{"rendered":"","protected":false},"author":1,"featured_media":0,"parent":0,"menu_order":0,"comment_status":"closed","ping_status":"closed","template":"templates\/resources.php","meta":{"footnotes":""},"class_list":["post-3474","page","type-page","status-publish","hentry"],"aioseo_notices":[],"_links":{"self":[{"href":"https:\/\/www.hivselbsttest.ch\/it\/wp-json\/wp\/v2\/pages\/3474","targetHints":{"allow":["GET"]}}],"collection":[{"href":"https:\/\/www.hivselbsttest.ch\/it\/wp-json\/wp\/v2\/pages"}],"about":[{"href":"https:\/\/www.hivselbsttest.ch\/it\/wp-json\/wp\/v2\/types\/page"}],"author":[{"embeddable":true,"href":"https:\/\/www.hivselbsttest.ch\/it\/wp-json\/wp\/v2\/users\/1"}],"replies":[{"embeddable":true,"href":"https:\/\/www.hivselbsttest.ch\/it\/wp-json\/wp\/v2\/comments?post=3474"}],"version-history":[{"count":2,"href":"https:\/\/www.hivselbsttest.ch\/it\/wp-json\/wp\/v2\/pages\/3474\/revisions"}],"predecessor-version":[{"id":3689,"href":"https:\/\/www.hivselbsttest.ch\/it\/wp-json\/wp\/v2\/pages\/3474\/revisions\/3689"}],"wp:attachment":[{"href":"https:\/\/www.hivselbsttest.ch\/it\/wp-json\/wp\/v2\/media?parent=3474"}],"curies":[{"name":"wp","href":"https:\/\/api.w.org\/{rel}","templated":true}]}}