{"id":3692,"date":"2018-10-16T01:22:27","date_gmt":"2018-10-16T01:22:27","guid":{"rendered":"https:\/\/www.hivselbsttest.ch\/mentions-legales\/"},"modified":"2025-07-15T05:54:46","modified_gmt":"2025-07-15T05:54:46","slug":"mentions-legales","status":"publish","type":"page","link":"https:\/\/www.hivselbsttest.ch\/fr\/mentions-legales\/","title":{"rendered":"Mentions l\u00e9gales"},"content":{"rendered":"<p><strong>Nom de l&rsquo;entreprise :<\/strong><br \/>W\u00e4fler Diagnostics AG<\/p>\n<p><strong>Propri\u00e9taire :<\/strong><br \/>Markus W\u00e4fler<\/p>\n<p><strong>Forme juridique :<\/strong><br \/>Soci\u00e9t\u00e9 anonyme<\/p>\n<p><strong>Branche :<\/strong><br \/>Fabrication de produits pharmaceutiques<\/p>\n<p><strong>Adresse :<\/strong><br \/>Breitenstrasse 17<br \/>6047 Kastanienbaum<\/p>\n<p><strong>UID :<\/strong><br \/>CHE-101.375.874<\/p>\n<p><strong>Handelsregister-Nummer:<\/strong><br \/>CH-100.3.007.109-3<\/p>\n<p><strong>Contact Mail :<\/strong><br \/>info[a]waefler-diagnostics.ch<\/p>\n<p><strong>Fax :<\/strong><br \/>+41 (0)41 320 44 64<\/p>\n\n<div style=\"height:50px\" aria-hidden=\"true\" class=\"wp-block-spacer\"><\/div>\n<p>Vous trouverez toutes les indications relatives \u00e0 la protection des donn\u00e9es dans notre <a href=\"https:\/\/www.hivselbsttest.ch\/fr\/declaration-de-protection-des-donnees\/\">d\u00e9claration de protection des donn\u00e9es<\/a>.<\/p>\n\n<p><\/p>\n","protected":false},"excerpt":{"rendered":"<p>Nom de l&rsquo;entreprise :W\u00e4fler Diagnostics AG Propri\u00e9taire :Markus W\u00e4fler Forme juridique :Soci\u00e9t\u00e9 anonyme Branche :Fabrication de produits pharmaceutiques Adresse :Breitenstrasse 176047 Kastanienbaum UID :CHE-101.375.874 Handelsregister-Nummer:CH-100.3.007.109-3 Contact Mail :info[a]waefler-diagnostics.ch Fax :+41 (0)41 320 44 64 Vous trouverez toutes les indications relatives \u00e0 la protection des donn\u00e9es dans notre d\u00e9claration de protection des donn\u00e9es.<\/p>\n","protected":false},"author":1,"featured_media":0,"parent":0,"menu_order":0,"comment_status":"closed","ping_status":"closed","template":"","meta":{"footnotes":""},"class_list":["post-3692","page","type-page","status-publish","hentry"],"aioseo_notices":[],"_links":{"self":[{"href":"https:\/\/www.hivselbsttest.ch\/fr\/wp-json\/wp\/v2\/pages\/3692","targetHints":{"allow":["GET"]}}],"collection":[{"href":"https:\/\/www.hivselbsttest.ch\/fr\/wp-json\/wp\/v2\/pages"}],"about":[{"href":"https:\/\/www.hivselbsttest.ch\/fr\/wp-json\/wp\/v2\/types\/page"}],"author":[{"embeddable":true,"href":"https:\/\/www.hivselbsttest.ch\/fr\/wp-json\/wp\/v2\/users\/1"}],"replies":[{"embeddable":true,"href":"https:\/\/www.hivselbsttest.ch\/fr\/wp-json\/wp\/v2\/comments?post=3692"}],"version-history":[{"count":3,"href":"https:\/\/www.hivselbsttest.ch\/fr\/wp-json\/wp\/v2\/pages\/3692\/revisions"}],"predecessor-version":[{"id":3705,"href":"https:\/\/www.hivselbsttest.ch\/fr\/wp-json\/wp\/v2\/pages\/3692\/revisions\/3705"}],"wp:attachment":[{"href":"https:\/\/www.hivselbsttest.ch\/fr\/wp-json\/wp\/v2\/media?parent=3692"}],"curies":[{"name":"wp","href":"https:\/\/api.w.org\/{rel}","templated":true}]}}