{"id":3473,"date":"2016-11-09T04:14:36","date_gmt":"2016-11-09T04:14:36","guid":{"rendered":"https:\/\/www.hivselbsttest.ch\/information\/"},"modified":"2025-07-14T08:52:14","modified_gmt":"2025-07-14T08:52:14","slug":"information","status":"publish","type":"page","link":"https:\/\/www.hivselbsttest.ch\/fr\/information\/","title":{"rendered":"Information"},"content":{"rendered":"\n<div class=\"resources-wrapper\"><div class=\"resources\"><h2>R\u00e9sultats<\/h2><ul><li id=\"3501\"><h3>Comment saurai-je si mon test a \u00e9t\u00e9 fait correctement?<\/h3> <i class=\"fa fa-chevron-down\"><\/i><div class=\"cnt\"><span id=\"result_box\" class=\"\" lang=\"fr\">L&rsquo;autotest VIH INSTI\u00ae poss\u00e8de un point de contr\u00f4le int\u00e9gr\u00e9 pour indiquer que le test a \u00e9t\u00e9 effectu\u00e9 correctement et que vous avez ajout\u00e9 la quantit\u00e9 ad\u00e9quate de sang au bout du doigt. Si le point de contr\u00f4le n&rsquo;appara\u00eet pas, votre test n&rsquo;a pas fonctionn\u00e9. <span class=\"\">Veuillez vous d\u00e9barrasser de votre test et recommencer avec un nouveau test.<\/span><\/span>\r\n\r\n<span class=\"\">Si seul le point de contr\u00f4le est visible, cela signifie que votre r\u00e9sultat est n\u00e9gatif et que vous n&rsquo;avez probablement pas le VIH.<\/span>\r\n\r\n<span class=\"\">Si deux points sont visibles, le r\u00e9sultat de votre test est positif.<\/span> <span class=\"\">Cela signifie que vous avez probablement le VIH.<\/span> <span class=\"\">Bien que les r\u00e9sultats de l&rsquo;autotest VIH INSTI\u00ae soient tr\u00e8s pr\u00e9cis, vous DEVEZ avoir un r\u00e9sultat positif confirm\u00e9 par un m\u00e9decin d\u00e8s que possible afin que le traitement puisse \u00eatre commenc\u00e9 imm\u00e9diatement.<\/span> <span class=\"\">Il est essentiel pour votre sant\u00e9 et votre bien-\u00eatre de consulter un m\u00e9decin si votre r\u00e9sultat est positif.<\/span><\/div><\/li><li id=\"3504\"><h3>Que faire si votre r\u00e9sultat est n\u00e9gatif?<\/h3> <i class=\"fa fa-chevron-down\"><\/i><div class=\"cnt\"><p>Si votre r\u00e9sultat est n\u00e9gatif mais que vous avez eu un comportement \u00e0 risque par rapport au VIH au cours des 3 derniers mois, il se peut que vous soyez dans la \u00ab\u00a0fen\u00eatre diagnostique \u00bb.<br \/>\nIl est recommand\u00e9 de refaire le test \u00e0 une date ult\u00e9rieure.<\/p>\n<\/div><\/li><li id=\"3507\"><h3>Et si votre r\u00e9sultat est positif?<\/h3> <i class=\"fa fa-chevron-down\"><\/i><div class=\"cnt\"><p>Consultez un m\u00e9decin d\u00e8s que possible et informez-le que vous avez fait un test de d\u00e9pistage du VIH. Tous les r\u00e9sultats positifs doivent \u00eatre confirm\u00e9s par des tests en laboratoire.<\/p>\n<\/div><\/li><\/ul><\/div><div class=\"resources\"><h2>\u00c0 propos du VIH\/SIDA<\/h2><ul><li id=\"3489\"><h3>Qu'est-ce que le VIH et le sida?<\/h3> <i class=\"fa fa-chevron-down\"><\/i><div class=\"cnt\"><p>Le VIH (virus de l\u2019immunod\u00e9ficience humaine) est un virus qui attaque le syst\u00e8me immunitaire, la d\u00e9fense du corps contre la maladie. S\u2019il n&rsquo;est pas trait\u00e9, le VIH peut conduire au SIDA (syndrome d&rsquo;immunod\u00e9ficience acquise). Le VIH et le SIDA ne peuvent pas \u00eatre gu\u00e9ris, mais les m\u00e9dicaments disponibles aujourd\u2019hui aident les gens \u00e0 vivre une vie normale.<\/p>\n<\/div><\/li><li id=\"3498\"><h3>Comment quelqu'un est-il infect\u00e9 par le VIH?<\/h3> <i class=\"fa fa-chevron-down\"><\/i><div class=\"cnt\"><p><span id=\"result_box\" class=\"\" lang=\"fr\"><span class=\"\">Le VIH se propage par contact avec du sang, du sperme, du liquide pr\u00e9-s\u00e9minal, du liquide rectal, des s\u00e9cr\u00e9tions vaginales ou du lait maternel d&rsquo;une personne infect\u00e9e.<\/span> <span class=\"\">La transmission peut se produire \u00e0 partir de relations sexuelles non prot\u00e9g\u00e9es.<\/span><\/span><\/p>\n<p>Il peut aussi r\u00e9sulter d&rsquo;une exposition au sang par le partage de seringues ou d&rsquo;aiguilles usag\u00e9es.<\/p>\n<p>Les femmes vivant avec le VIH peuvent transmettre le virus \u00e0 leurs b\u00e9b\u00e9s pendant la grossesse, l&rsquo;accouchement et l&rsquo;allaitement. Il est \u00e9galement possible d&rsquo;\u00eatre infect\u00e9 par le VIH par transfusion sanguine, bien que ce soit maintenant tr\u00e8s rare.<\/p>\n<p>Le VIH ne peut pas \u00eatre transmis d&rsquo;une personne \u00e0 une autre par un contact occasionnel. <span class=\"\">Il n&rsquo;y a pas de risque d&rsquo;infection lorsque nous partageons des objets du quotidien tels que de la nourriture, de la vaisselle, des ustensiles, des v\u00eatements, des lits et des toilettes avec une personne vivant avec le VIH.<\/span><\/p>\n<p><span class=\"\">Le virus ne se transmet pas par contact avec la sueur, les larmes, la salive ou un baiser occasionnel d&rsquo;une personne infect\u00e9e.<\/span> <span class=\"\">Les gens ne deviennent pas infect\u00e9s en mangeant de la nourriture pr\u00e9par\u00e9e par une personne vivant avec le VIH.<\/span> <span class=\"\">Les gens ne sont pas infect\u00e9s par le VIH par les piq\u00fbres d&rsquo;insectes.<\/span><\/p>\n<\/div><\/li><\/ul><\/div><div class=\"resources\"><h2>\u00c0 propos de l&#039;autotest VIH INSTI(R)<\/h2><ul><li id=\"3492\"><h3>Comment fonctionne le test?<\/h3> <i class=\"fa fa-chevron-down\"><\/i><div class=\"cnt\"><p>Le test utilise une technologie de transfert simple pour d\u00e9tecter les anticorps anti-VIH-1 et anti-VIH-2 \u00e0 l\u2019aide d&rsquo;une goutte de sang humain. Le test ne d\u00e9tecte pas le virus lui-m\u00eame. Le point de test ne sera visible que si des anticorps anti-VIH sont pr\u00e9sents. L\u2019INSTI\u00ae HIV Self Test est simple \u00e0 r\u00e9aliser et tr\u00e8s pr\u00e9cis, mais il ne fonctionnera correctement que si vous lisez attentivement et suivez les instructions. Vous pouvez obtenir un r\u00e9sultat positif au test de d\u00e9pistage du VIH INSTI\u00ae dans les 21 \u00e0 22 jours suivant l\u2019infection1, mais il peut s\u2019\u00e9couler jusqu\u2019\u00e0 3 mois avant de produire un r\u00e9sultat positif. Un r\u00e9sultat n\u00e9gatif peut ne pas \u00eatre exact jusqu\u2019\u00e0 3 mois apr\u00e8s l\u2019infection.<\/p>\n<\/div><\/li><li id=\"3495\"><h3>Quelle est la pr\u00e9cision du test?<\/h3> <i class=\"fa fa-chevron-down\"><\/i><div class=\"cnt\"><p>La sensibilit\u00e9 diagnostique est le degr\u00e9 de d\u00e9tection du test en pr\u00e9sence d&rsquo;anticorps VIH. La sp\u00e9cificit\u00e9 diagnostique est la mesure de la capacit\u00e9 du test \u00e0 d\u00e9tecter des patients sains et non infect\u00e9s par le VIH. Les \u00e9tudes d\u00e9montrent sensibilit\u00e9 de l&rsquo;INSTI \u00e0 100% et sa sp\u00e9cificit\u00e9 de 99,5%, respectivement 99,8%. Les r\u00e9sultats sont extr\u00eamement pr\u00e9cis et fiables \u00e0 plus de 99%.<\/p>\n<\/div><\/li><\/ul><\/div><\/div>\n","protected":false},"excerpt":{"rendered":"","protected":false},"author":1,"featured_media":0,"parent":0,"menu_order":0,"comment_status":"closed","ping_status":"closed","template":"templates\/resources.php","meta":{"footnotes":""},"class_list":["post-3473","page","type-page","status-publish","hentry"],"aioseo_notices":[],"_links":{"self":[{"href":"https:\/\/www.hivselbsttest.ch\/fr\/wp-json\/wp\/v2\/pages\/3473","targetHints":{"allow":["GET"]}}],"collection":[{"href":"https:\/\/www.hivselbsttest.ch\/fr\/wp-json\/wp\/v2\/pages"}],"about":[{"href":"https:\/\/www.hivselbsttest.ch\/fr\/wp-json\/wp\/v2\/types\/page"}],"author":[{"embeddable":true,"href":"https:\/\/www.hivselbsttest.ch\/fr\/wp-json\/wp\/v2\/users\/1"}],"replies":[{"embeddable":true,"href":"https:\/\/www.hivselbsttest.ch\/fr\/wp-json\/wp\/v2\/comments?post=3473"}],"version-history":[{"count":2,"href":"https:\/\/www.hivselbsttest.ch\/fr\/wp-json\/wp\/v2\/pages\/3473\/revisions"}],"predecessor-version":[{"id":3687,"href":"https:\/\/www.hivselbsttest.ch\/fr\/wp-json\/wp\/v2\/pages\/3473\/revisions\/3687"}],"wp:attachment":[{"href":"https:\/\/www.hivselbsttest.ch\/fr\/wp-json\/wp\/v2\/media?parent=3473"}],"curies":[{"name":"wp","href":"https:\/\/api.w.org\/{rel}","templated":true}]}}